{"id":979,"date":"2020-09-20T13:43:53","date_gmt":"2020-09-20T11:43:53","guid":{"rendered":"https:\/\/jangles.fr\/badibulgue\/?page_id=979"},"modified":"2021-12-15T20:44:24","modified_gmt":"2021-12-15T19:44:24","slug":"club-badibulgue","status":"publish","type":"page","link":"https:\/\/jangles.fr\/badibulgue\/club-badibulgue\/","title":{"rendered":"Club badibulgue"},"content":{"rendered":"\n<p>Pour animer ce blog !<\/p>\n\n\n\n<p><strong>Salle B11<\/strong><\/p>\n\n\n\n<p><strong>Le mardi, de 13h00 \u00e0 14h00<\/strong> : classes de 6<sup>\u00e8me<\/sup>.<\/p>\n\n\n\n<p><strong>Le vendredi, de 13 h 00 \u00e0 14 h 00<\/strong>  : classes de 5<sup>\u00e8me<\/sup>.<\/p>\n","protected":false},"excerpt":{"rendered":"<p>Pour animer ce blog ! Salle B11 Le mardi, de 13h00 \u00e0 14h00 : classes de 6\u00e8me. Le vendredi, de 13 h 00 \u00e0 14 h 00 : classes de 5\u00e8me.<\/p>\n","protected":false},"author":1,"featured_media":0,"parent":0,"menu_order":0,"comment_status":"closed","ping_status":"closed","template":"","meta":{"footnotes":""},"jetpack_sharing_enabled":true,"_links":{"self":[{"href":"https:\/\/jangles.fr\/badibulgue\/wp-json\/wp\/v2\/pages\/979"}],"collection":[{"href":"https:\/\/jangles.fr\/badibulgue\/wp-json\/wp\/v2\/pages"}],"about":[{"href":"https:\/\/jangles.fr\/badibulgue\/wp-json\/wp\/v2\/types\/page"}],"author":[{"embeddable":true,"href":"https:\/\/jangles.fr\/badibulgue\/wp-json\/wp\/v2\/users\/1"}],"replies":[{"embeddable":true,"href":"https:\/\/jangles.fr\/badibulgue\/wp-json\/wp\/v2\/comments?post=979"}],"version-history":[{"count":4,"href":"https:\/\/jangles.fr\/badibulgue\/wp-json\/wp\/v2\/pages\/979\/revisions"}],"predecessor-version":[{"id":2196,"href":"https:\/\/jangles.fr\/badibulgue\/wp-json\/wp\/v2\/pages\/979\/revisions\/2196"}],"wp:attachment":[{"href":"https:\/\/jangles.fr\/badibulgue\/wp-json\/wp\/v2\/media?parent=979"}],"curies":[{"name":"wp","href":"https:\/\/api.w.org\/{rel}","templated":true}]}}