{"id":93,"date":"2020-04-16T22:37:56","date_gmt":"2020-04-16T20:37:56","guid":{"rendered":"https:\/\/jangles.fr\/badibulgue\/?page_id=93"},"modified":"2020-04-21T00:09:29","modified_gmt":"2020-04-20T22:09:29","slug":"redacteurs","status":"publish","type":"page","link":"https:\/\/jangles.fr\/badibulgue\/redacteurs\/","title":{"rendered":"R\u00e9dacteurs"},"content":{"rendered":"\n<p><strong>CHAQUE \u00c9L\u00c8VE PEUT APPORTER SA CONTRIBUTION \u00c0 CE BLOG<\/strong><\/p>\n\n\n\n<p>Pour cela, plusieurs possibilit\u00e9s :<\/p>\n\n\n\n<p>1<strong> &#8211;<\/strong> Poster un article, gr\u00e2ce au formulaire de contact situ\u00e9 en haut de la page : cliquez sur \u00ab\u00a0Contact\u00a0\u00bb et il appara\u00eetra.<\/p>\n\n\n\n<p><strong>2 &#8211;<\/strong> Laisser un commentaire.<\/p>\n\n\n\n<p><strong>3 &#8211;<\/strong> Devenir animateur du blog : un <strong>code d\u2019acc\u00e8s<\/strong> et un <strong>mot de passe<\/strong> vous seront alors confi\u00e9s. Ils vous permettront d\u2019acc\u00e9der au Tableau de bord du blog et d\u2019y r\u00e9diger directement des articles \u00e0 mettre en ligne. Comment les obtenir ? En faire la demande par e-mail \u00e0 l&rsquo;aide du formulaire de contact situ\u00e9 en haut de la page et qui appara\u00eetra d\u00e8s que vous aurez cliqu\u00e9 sur \u00ab\u00a0Contact\u00a0\u00bb.<\/p>\n\n\n\n<p>NB : Vos commentaires, textes, dessins&#8230; n\u2019appara\u00eetront pas instantan\u00e9ment sur le blog, ils seront pr\u00e9alablement relus et corrig\u00e9s.<\/p>\n\n\n\n<p><strong>N&rsquo;H\u00c9SITEZ PAS \u00c0 FAIRE PART DE TOUTE SUGGESTION OU REMARQUE SUSCEPTIBLE DE CONTRIBUER<\/strong> <strong>AU D\u00c9VELOPPEMENT ET \u00c0 L&rsquo;AM\u00c9LIORATION DU BLOG !<\/strong><\/p>\n","protected":false},"excerpt":{"rendered":"<p>CHAQUE \u00c9L\u00c8VE PEUT APPORTER SA CONTRIBUTION \u00c0 CE BLOG Pour cela, plusieurs possibilit\u00e9s : 1 &#8211; Poster un article, gr\u00e2ce au formulaire de contact situ\u00e9 en haut de la page : cliquez sur \u00ab\u00a0Contact\u00a0\u00bb et il appara\u00eetra. 2 &#8211; Laisser <a class=\"more-link\" href=\"https:\/\/jangles.fr\/badibulgue\/redacteurs\/\">Continuer la lecture <span class=\"screen-reader-text\">  R\u00e9dacteurs<\/span><span class=\"meta-nav\">&rarr;<\/span><\/a><\/p>\n","protected":false},"author":1,"featured_media":0,"parent":0,"menu_order":0,"comment_status":"closed","ping_status":"closed","template":"","meta":{"footnotes":""},"jetpack_sharing_enabled":true,"_links":{"self":[{"href":"https:\/\/jangles.fr\/badibulgue\/wp-json\/wp\/v2\/pages\/93"}],"collection":[{"href":"https:\/\/jangles.fr\/badibulgue\/wp-json\/wp\/v2\/pages"}],"about":[{"href":"https:\/\/jangles.fr\/badibulgue\/wp-json\/wp\/v2\/types\/page"}],"author":[{"embeddable":true,"href":"https:\/\/jangles.fr\/badibulgue\/wp-json\/wp\/v2\/users\/1"}],"replies":[{"embeddable":true,"href":"https:\/\/jangles.fr\/badibulgue\/wp-json\/wp\/v2\/comments?post=93"}],"version-history":[{"count":5,"href":"https:\/\/jangles.fr\/badibulgue\/wp-json\/wp\/v2\/pages\/93\/revisions"}],"predecessor-version":[{"id":334,"href":"https:\/\/jangles.fr\/badibulgue\/wp-json\/wp\/v2\/pages\/93\/revisions\/334"}],"wp:attachment":[{"href":"https:\/\/jangles.fr\/badibulgue\/wp-json\/wp\/v2\/media?parent=93"}],"curies":[{"name":"wp","href":"https:\/\/api.w.org\/{rel}","templated":true}]}}