{"id":241,"date":"2020-04-20T16:52:19","date_gmt":"2020-04-20T14:52:19","guid":{"rendered":"https:\/\/jangles.fr\/badibulgue\/?page_id=241"},"modified":"2020-04-26T15:05:16","modified_gmt":"2020-04-26T13:05:16","slug":"a-propos","status":"publish","type":"page","link":"https:\/\/jangles.fr\/badibulgue\/a-propos\/","title":{"rendered":"\u00c0 propos"},"content":{"rendered":"\n<p><strong>Bonjour \u00e0 tous,<\/strong><\/p>\n\n\n\n<p>Ce blog est un outil de partage qui favorisera, je l&rsquo;esp\u00e8re, les \u00e9changes et la communication entre les \u00e9l\u00e8ves du coll\u00e8ge Bucaille-Charcot de Cherbourg et avec les internautes qui accepteront de voyager par ici.<\/p>\n\n\n\n<p>J&rsquo;esp\u00e8re qu&rsquo;il sera une invitation \u00e0 la cr\u00e9ativit\u00e9, \u00e0 l&rsquo;esprit critique, et \u00e0 une diffusion la plus large possible de la culture.<\/p>\n\n\n\n<p>J&rsquo;esp\u00e8re qu&rsquo;il va permettre \u00e0 tous les \u00e9l\u00e8ves qui le souhaiteront de partager ici leurs connaissances, leur exp\u00e9rience, leur curiosit\u00e9 et leur humour.<\/p>\n\n\n\n<p><strong>Badibulgue rena\u00eet de ses cendres&#8230;<\/strong><\/p>\n\n\n\n<p>J&rsquo;ai donc \u00e9videmment une petite pens\u00e9e pour tous les \u00e9l\u00e8ves \u2014 certains sont d\u00e9sormais de jeunes adultes ! \u2014 qui ont d\u00e9j\u00e0 connu, au coll\u00e8ge Charcot, Badibulgue&#8230; une aventure humaine, avant toute chose, dont je garde d&rsquo;\u00e9mouvants souvenirs.<\/p>\n\n\n\n<p><em><strong>Sophie Leocadio [pseudo : Leoc],<\/strong><\/em><\/p>\n\n\n\n<p><em>A<strong>dministratrice du blog et professeur de fran\u00e7ais.<\/strong><\/em><\/p>\n\n\n\n<p><strong>Coll\u00e8ge Bucaille-Charcot<br>30 Rue de la Bucaille<br>50100 Cherbourg-en-Cotentin<\/strong><\/p>\n","protected":false},"excerpt":{"rendered":"<p>Bonjour \u00e0 tous, Ce blog est un outil de partage qui favorisera, je l&rsquo;esp\u00e8re, les \u00e9changes et la communication entre les \u00e9l\u00e8ves du coll\u00e8ge Bucaille-Charcot de Cherbourg et avec les internautes qui accepteront de voyager par ici. J&rsquo;esp\u00e8re qu&rsquo;il sera <a class=\"more-link\" href=\"https:\/\/jangles.fr\/badibulgue\/a-propos\/\">Continuer la lecture <span class=\"screen-reader-text\">  \u00c0 propos<\/span><span class=\"meta-nav\">&rarr;<\/span><\/a><\/p>\n","protected":false},"author":1,"featured_media":0,"parent":0,"menu_order":0,"comment_status":"closed","ping_status":"closed","template":"","meta":{"footnotes":""},"jetpack_sharing_enabled":true,"_links":{"self":[{"href":"https:\/\/jangles.fr\/badibulgue\/wp-json\/wp\/v2\/pages\/241"}],"collection":[{"href":"https:\/\/jangles.fr\/badibulgue\/wp-json\/wp\/v2\/pages"}],"about":[{"href":"https:\/\/jangles.fr\/badibulgue\/wp-json\/wp\/v2\/types\/page"}],"author":[{"embeddable":true,"href":"https:\/\/jangles.fr\/badibulgue\/wp-json\/wp\/v2\/users\/1"}],"replies":[{"embeddable":true,"href":"https:\/\/jangles.fr\/badibulgue\/wp-json\/wp\/v2\/comments?post=241"}],"version-history":[{"count":10,"href":"https:\/\/jangles.fr\/badibulgue\/wp-json\/wp\/v2\/pages\/241\/revisions"}],"predecessor-version":[{"id":615,"href":"https:\/\/jangles.fr\/badibulgue\/wp-json\/wp\/v2\/pages\/241\/revisions\/615"}],"wp:attachment":[{"href":"https:\/\/jangles.fr\/badibulgue\/wp-json\/wp\/v2\/media?parent=241"}],"curies":[{"name":"wp","href":"https:\/\/api.w.org\/{rel}","templated":true}]}}